{"id":4582,"date":"2026-02-24T19:25:35","date_gmt":"2026-02-24T19:25:35","guid":{"rendered":"https:\/\/xn--bvbergmannsglck-datteln-opc.de\/?page_id=4582"},"modified":"2026-03-28T09:38:40","modified_gmt":"2026-03-28T09:38:40","slug":"termine-2027","status":"publish","type":"page","link":"https:\/\/xn--bvbergmannsglck-datteln-opc.de\/?page_id=4582","title":{"rendered":"Termine 2027"},"content":{"rendered":"<style>.wp-block-kadence-advancedheading.kt-adv-heading4582_217d1a-27, .wp-block-kadence-advancedheading.kt-adv-heading4582_217d1a-27[data-kb-block=\"kb-adv-heading4582_217d1a-27\"]{font-style:normal;}.wp-block-kadence-advancedheading.kt-adv-heading4582_217d1a-27 mark.kt-highlight, .wp-block-kadence-advancedheading.kt-adv-heading4582_217d1a-27[data-kb-block=\"kb-adv-heading4582_217d1a-27\"] mark.kt-highlight{font-style:normal;color:#f76a0c;-webkit-box-decoration-break:clone;box-decoration-break:clone;padding-top:0px;padding-right:0px;padding-bottom:0px;padding-left:0px;}.wp-block-kadence-advancedheading.kt-adv-heading4582_217d1a-27 img.kb-inline-image, .wp-block-kadence-advancedheading.kt-adv-heading4582_217d1a-27[data-kb-block=\"kb-adv-heading4582_217d1a-27\"] img.kb-inline-image{width:150px;vertical-align:baseline;}<\/style>\n<h3 class=\"kt-adv-heading4582_217d1a-27 wp-block-kadence-advancedheading\" data-kb-block=\"kb-adv-heading4582_217d1a-27\"><strong>Termine 202<\/strong>7<\/h3>\n\n\n\n<div style=\"height:20px\" aria-hidden=\"true\" class=\"wp-block-spacer\"><\/div>\n\n\n\n<p class=\"wp-block-paragraph\"><em><strong>Jedes Monat treffen im JaM Meckinghoven, B\u00f6ckenheckstra\u00dfe 3, zu einem offenen Treffen<\/strong><\/em><br><em><strong>f\u00fcr Jedermann\/Frau zum Austausch von D\u00f6nekes oder anderen Anekdoten aus der Welt des Bergmanns.<\/strong><\/em><\/p>\n\n\n\n<div style=\"height:30px\" aria-hidden=\"true\" class=\"wp-block-spacer\"><\/div>\n\n\n\n<p class=\"wp-block-paragraph\"><strong><strong>Samstag 15. Mai<\/strong><\/strong><br>160 Jahre Allgemeiner Knappenverein \u201eGl\u00fcckauf\u201c Dorstfeld 1867&nbsp;<\/p>\n\n\n<style>.wp-block-kadence-spacer.kt-block-spacer-4582_6a35eb-23 .kt-block-spacer{height:60px;}.wp-block-kadence-spacer.kt-block-spacer-4582_6a35eb-23 .kt-divider{border-top-width:3px;height:1px;border-top-color:#eee;width:80%;border-top-style:solid;}<\/style>\n<div class=\"wp-block-kadence-spacer aligncenter kt-block-spacer-4582_6a35eb-23\"><div class=\"kt-block-spacer kt-block-spacer-halign-left\"><hr class=\"kt-divider\"\/><\/div><\/div>\n\n\n\n<p class=\"wp-block-paragraph\"><strong><strong>Freitag 04.\u00a0Juni  bis Sonntag  06. Juni<\/strong><\/strong><br>7. S\u00e4chsischer Bergmanns-, H\u00fctten- und Knappentag in Marienberg<\/p>\n\n\n<style>.wp-block-kadence-spacer.kt-block-spacer-4582_d917d6-af .kt-block-spacer{height:60px;}.wp-block-kadence-spacer.kt-block-spacer-4582_d917d6-af .kt-divider{border-top-width:3px;height:1px;border-top-color:#eee;width:80%;border-top-style:solid;}<\/style>\n<div class=\"wp-block-kadence-spacer aligncenter kt-block-spacer-4582_d917d6-af\"><div class=\"kt-block-spacer kt-block-spacer-halign-left\"><hr class=\"kt-divider\"\/><\/div><\/div>\n\n\n\n<p class=\"wp-block-paragraph\"><strong><strong>Sonntag 20.&nbsp;Juni<\/strong><\/strong><br>54. Landeskirchschicht des Landesverbandes NRW in Hamm-Heesen<br>Ausrichter :  Allgemeiner Knappenverein Gl\u00fcck Auf Hamm \u2013 Nordenfeldmark Heessen 1907 e.V.<\/p>\n\n\n<style>.wp-block-kadence-spacer.kt-block-spacer-4582_cc03d0-57 .kt-block-spacer{height:60px;}.wp-block-kadence-spacer.kt-block-spacer-4582_cc03d0-57 .kt-divider{border-top-width:3px;height:1px;border-top-color:#eee;width:80%;border-top-style:solid;}<\/style>\n<div class=\"wp-block-kadence-spacer aligncenter kt-block-spacer-4582_cc03d0-57\"><div class=\"kt-block-spacer kt-block-spacer-halign-left\"><hr class=\"kt-divider\"\/><\/div><\/div>\n\n\n\n<p class=\"wp-block-paragraph\"><\/p>\n\n\n\n<div style=\"height:200px\" aria-hidden=\"true\" class=\"wp-block-spacer\"><\/div>\n\n\n\n<h5 class=\"wp-block-heading\"><em>&nbsp;<\/em><\/h5>\n","protected":false},"excerpt":{"rendered":"<p>Termine 2027 Jedes Monat treffen im JaM Meckinghoven, B\u00f6ckenheckstra\u00dfe 3, zu einem offenen Treffenf\u00fcr Jedermann\/Frau zum Austausch von D\u00f6nekes oder anderen Anekdoten aus der Welt des Bergmanns. Samstag 15. Mai160 Jahre Allgemeiner Knappenverein \u201eGl\u00fcckauf\u201c Dorstfeld 1867&nbsp; Freitag 04.\u00a0Juni bis Sonntag 06. Juni7. S\u00e4chsischer Bergmanns-, H\u00fctten- und Knappentag in Marienberg Sonntag 20.&nbsp;Juni54. Landeskirchschicht des Landesverbandes NRW [&hellip;]<\/p>\n","protected":false},"author":1,"featured_media":0,"parent":0,"menu_order":0,"comment_status":"closed","ping_status":"closed","template":"","meta":{"_crdt_document":"","_uag_custom_page_level_css":"","postBodyCss":"","postBodyMargin":[],"postBodyPadding":[],"postBodyBackground":{"backgroundType":"classic","gradient":""},"pgc_sgb_lightbox_settings":"","footnotes":""},"class_list":["post-4582","page","type-page","status-publish","hentry","post"],"uagb_featured_image_src":{"full":false,"thumbnail":false,"medium":false,"medium_large":false,"large":false,"1536x1536":false,"2048x2048":false,"post-thumbnail":false,"vantage-thumbnail-no-sidebar":false,"vantage-slide":false,"vantage-carousel":false,"vantage-grid-loop":false},"uagb_author_info":{"display_name":"Erich","author_link":"https:\/\/xn--bvbergmannsglck-datteln-opc.de\/?author=1"},"uagb_comment_info":0,"uagb_excerpt":"Termine 2027 Jedes Monat treffen im JaM Meckinghoven, B\u00f6ckenheckstra\u00dfe 3, zu einem offenen Treffenf\u00fcr Jedermann\/Frau zum Austausch von D\u00f6nekes oder anderen Anekdoten aus der Welt des Bergmanns. Samstag 15. Mai160 Jahre Allgemeiner Knappenverein \u201eGl\u00fcckauf\u201c Dorstfeld 1867&nbsp; Freitag 04.\u00a0Juni bis Sonntag 06. Juni7. S\u00e4chsischer Bergmanns-, H\u00fctten- und Knappentag in Marienberg Sonntag 20.&nbsp;Juni54. Landeskirchschicht des Landesverbandes NRW&hellip;","_links":{"self":[{"href":"https:\/\/xn--bvbergmannsglck-datteln-opc.de\/index.php?rest_route=\/wp\/v2\/pages\/4582","targetHints":{"allow":["GET"]}}],"collection":[{"href":"https:\/\/xn--bvbergmannsglck-datteln-opc.de\/index.php?rest_route=\/wp\/v2\/pages"}],"about":[{"href":"https:\/\/xn--bvbergmannsglck-datteln-opc.de\/index.php?rest_route=\/wp\/v2\/types\/page"}],"author":[{"embeddable":true,"href":"https:\/\/xn--bvbergmannsglck-datteln-opc.de\/index.php?rest_route=\/wp\/v2\/users\/1"}],"replies":[{"embeddable":true,"href":"https:\/\/xn--bvbergmannsglck-datteln-opc.de\/index.php?rest_route=%2Fwp%2Fv2%2Fcomments&post=4582"}],"version-history":[{"count":0,"href":"https:\/\/xn--bvbergmannsglck-datteln-opc.de\/index.php?rest_route=\/wp\/v2\/pages\/4582\/revisions"}],"wp:attachment":[{"href":"https:\/\/xn--bvbergmannsglck-datteln-opc.de\/index.php?rest_route=%2Fwp%2Fv2%2Fmedia&parent=4582"}],"curies":[{"name":"wp","href":"https:\/\/api.w.org\/{rel}","templated":true}]}}