{"id":25,"date":"2016-04-08T22:01:05","date_gmt":"2016-04-08T20:01:05","guid":{"rendered":"http:\/\/s368574448.online.de\/?page_id=25"},"modified":"2025-11-02T12:03:47","modified_gmt":"2025-11-02T12:03:47","slug":"impressum","status":"publish","type":"page","link":"https:\/\/xn--bvbergmannsglck-datteln-opc.de\/?page_id=25","title":{"rendered":"Impressum"},"content":{"rendered":"<style>.wp-block-kadence-advancedheading.kt-adv-heading25_532f25-37, .wp-block-kadence-advancedheading.kt-adv-heading25_532f25-37[data-kb-block=\"kb-adv-heading25_532f25-37\"]{font-style:normal;}.wp-block-kadence-advancedheading.kt-adv-heading25_532f25-37 mark.kt-highlight, .wp-block-kadence-advancedheading.kt-adv-heading25_532f25-37[data-kb-block=\"kb-adv-heading25_532f25-37\"] mark.kt-highlight{font-style:normal;color:#f76a0c;-webkit-box-decoration-break:clone;box-decoration-break:clone;padding-top:0px;padding-right:0px;padding-bottom:0px;padding-left:0px;}.wp-block-kadence-advancedheading.kt-adv-heading25_532f25-37 img.kb-inline-image, .wp-block-kadence-advancedheading.kt-adv-heading25_532f25-37[data-kb-block=\"kb-adv-heading25_532f25-37\"] img.kb-inline-image{width:150px;vertical-align:baseline;}<\/style>\n<h2 class=\"kt-adv-heading25_532f25-37 wp-block-kadence-advancedheading\" data-kb-block=\"kb-adv-heading25_532f25-37\"><strong>&#x1f4c4; Impressum<\/strong><\/h2>\n\n\n\n<div style=\"height:10px\" aria-hidden=\"true\" class=\"wp-block-spacer\"><\/div>\n\n\n\n<p class=\"wp-block-paragraph\"><strong>Angaben gem\u00e4\u00df \u00a7 5 TMG \/ \u00a7 18 Abs. 2 MStV<\/strong><\/p>\n\n\n\n<p class=\"wp-block-paragraph\"><strong>Herausgeber:<\/strong><br>Bergmannsverein Bergmannsgl\u00fcck e. V. Datteln 1957<br>Eingetragen beim Amtsgericht Recklinghausen, VR-Nr. 0764<\/p>\n\n\n\n<p class=\"wp-block-paragraph\"><strong>Vertretungsberechtigter:<\/strong><br>Bernd Murza<br>Dortmunder Stra\u00dfe 22<br>45711 Datteln<br>Deutschland<\/p>\n\n\n\n<p class=\"wp-block-paragraph\"><strong>Kontakt:<\/strong><br>Telefon: 02363 \/ 365466<br>E-Mail: murber4@gmail.com<br>E-Mail: info@bvbergmannsgl\u00fcck-datteln.de<br>Website: <a href=\"https:\/\/www.bvbergmannsgl\u00fcck-datteln.de\/\">www.bvbergmannsgl\u00fcck-datteln.de<\/a><\/p>\n\n\n\n<p class=\"wp-block-paragraph\"><strong>Verantwortlich f\u00fcr den Inhalt nach \u00a7 18 Abs. 2 MStV:<\/strong><br>Ingo Neuhaus<br>E-Mail: ingo.datteln@web.de<br><\/p>\n\n\n\n<div style=\"height:10px\" aria-hidden=\"true\" class=\"wp-block-spacer\"><\/div>\n\n\n\n<p class=\"has-medium-font-size wp-block-paragraph\"><strong>&#x2696;&#xfe0f; Haftungsausschluss<\/strong><\/p>\n\n\n\n<p class=\"wp-block-paragraph\"><strong>Haftung f\u00fcr Inhalte<\/strong><\/p>\n\n\n\n<p class=\"wp-block-paragraph\">Die Inhalte unserer Seiten wurden mit gr\u00f6\u00dfter Sorgfalt erstellt. F\u00fcr die Richtigkeit, Vollst\u00e4ndigkeit und Aktualit\u00e4t der Inhalte \u00fcbernehmen wir jedoch keine Gew\u00e4hr. Als Diensteanbieter sind wir gem\u00e4\u00df \u00a7 7 Abs. 1 TMG f\u00fcr eigene Inhalte auf diesen Seiten nach den allgemeinen Gesetzen verantwortlich. Nach \u00a7\u00a7 8 bis 10 TMG sind wir jedoch nicht verpflichtet, \u00fcbermittelte oder gespeicherte fremde Informationen zu \u00fcberwachen oder nach Umst\u00e4nden zu forschen, die auf eine rechtswidrige T\u00e4tigkeit hinweisen. Bei Bekanntwerden von entsprechenden Rechtsverletzungen werden wir diese Inhalte umgehend entfernen.<\/p>\n\n\n\n<p class=\"wp-block-paragraph\"><strong>Haftung f\u00fcr Links<\/strong><\/p>\n\n\n\n<p class=\"wp-block-paragraph\">Unser Angebot enth\u00e4lt Links zu externen Webseiten Dritter, auf deren Inhalte wir keinen Einfluss haben. Deshalb k\u00f6nnen wir f\u00fcr diese fremden Inhalte auch keine Gew\u00e4hr \u00fcbernehmen. F\u00fcr die Inhalte der verlinkten Seiten ist stets der jeweilige Anbieter oder Betreiber der Seiten verantwortlich. Bei Bekanntwerden von Rechtsverletzungen werden wir derartige Links umgehend entfernen.<\/p>\n\n\n\n<p class=\"wp-block-paragraph\"><strong>&#x1f4da; Urheberrecht<\/strong><\/p>\n\n\n\n<p class=\"wp-block-paragraph\">Die durch die Seitenbetreiber erstellten Inhalte und Werke auf diesen Seiten unterliegen dem deutschen Urheberrecht. Beitr\u00e4ge Dritter sind als solche gekennzeichnet. Die Vervielf\u00e4ltigung, Bearbeitung, Verbreitung und jede Art der Verwertung au\u00dferhalb der Grenzen des Urheberrechts bed\u00fcrfen der schriftlichen Zustimmung des jeweiligen Autors bzw. Erstellers. Downloads und Kopien dieser Seite sind nur f\u00fcr den privaten, nicht kommerziellen Gebrauch gestattet.<\/p>\n\n\n\n<p class=\"wp-block-paragraph\"><strong>&#x1f510; Datenschutz<\/strong><\/p>\n\n\n\n<p class=\"wp-block-paragraph\">Soweit auf unseren Seiten personenbezogene Daten (z.\u202fB. Name, Anschrift oder E-Mail-Adresse) erhoben werden, erfolgt dies stets auf freiwilliger Basis. Die Nutzung unserer Angebote und Dienste ist \u2013 soweit m\u00f6glich \u2013 ohne Angabe personenbezogener Daten m\u00f6glich. Der Nutzung von im Rahmen der Impressumspflicht ver\u00f6ffentlichten Kontaktdaten durch Dritte zur \u00dcbersendung von nicht ausdr\u00fccklich angeforderter Werbung und Informationsmaterialien wird hiermit ausdr\u00fccklich widersprochen. Die Betreiber der Seiten behalten sich rechtliche Schritte im Falle der unverlangten Zusendung von Werbeinformationen, etwa durch Spam-Mails, vor.<\/p>\n\n\n\n<div style=\"height:50px\" aria-hidden=\"true\" class=\"wp-block-spacer\"><\/div>\n","protected":false},"excerpt":{"rendered":"<p>&#x1f4c4; Impressum Angaben gem\u00e4\u00df \u00a7 5 TMG \/ \u00a7 18 Abs. 2 MStV Herausgeber:Bergmannsverein Bergmannsgl\u00fcck e. V. Datteln 1957Eingetragen beim Amtsgericht Recklinghausen, VR-Nr. 0764 Vertretungsberechtigter:Bernd MurzaDortmunder Stra\u00dfe 2245711 DattelnDeutschland Kontakt:Telefon: 02363 \/ 365466E-Mail: murber4@gmail.comE-Mail: info@bvbergmannsgl\u00fcck-datteln.deWebsite: www.bvbergmannsgl\u00fcck-datteln.de Verantwortlich f\u00fcr den Inhalt nach \u00a7 18 Abs. 2 MStV:Ingo NeuhausE-Mail: ingo.datteln@web.de &#x2696;&#xfe0f; Haftungsausschluss Haftung f\u00fcr Inhalte Die Inhalte [&hellip;]<\/p>\n","protected":false},"author":1,"featured_media":0,"parent":0,"menu_order":99,"comment_status":"closed","ping_status":"closed","template":"","meta":{"_crdt_document":"","_uag_custom_page_level_css":"","postBodyCss":"","postBodyMargin":[],"postBodyPadding":[],"postBodyBackground":{"backgroundType":"classic","gradient":""},"pgc_sgb_lightbox_settings":"","footnotes":""},"class_list":["post-25","page","type-page","status-publish","hentry","post"],"uagb_featured_image_src":{"full":false,"thumbnail":false,"medium":false,"medium_large":false,"large":false,"1536x1536":false,"2048x2048":false,"post-thumbnail":false,"vantage-thumbnail-no-sidebar":false,"vantage-slide":false,"vantage-carousel":false,"vantage-grid-loop":false},"uagb_author_info":{"display_name":"Erich","author_link":"https:\/\/xn--bvbergmannsglck-datteln-opc.de\/?author=1"},"uagb_comment_info":0,"uagb_excerpt":"&#x1f4c4; Impressum Angaben gem\u00e4\u00df \u00a7 5 TMG \/ \u00a7 18 Abs. 2 MStV Herausgeber:Bergmannsverein Bergmannsgl\u00fcck e. V. Datteln 1957Eingetragen beim Amtsgericht Recklinghausen, VR-Nr. 0764 Vertretungsberechtigter:Bernd MurzaDortmunder Stra\u00dfe 2245711 DattelnDeutschland Kontakt:Telefon: 02363 \/ 365466E-Mail: murber4@gmail.comE-Mail: info@bvbergmannsgl\u00fcck-datteln.deWebsite: www.bvbergmannsgl\u00fcck-datteln.de Verantwortlich f\u00fcr den Inhalt nach \u00a7 18 Abs. 2 MStV:Ingo NeuhausE-Mail: ingo.datteln@web.de &#x2696;&#xfe0f; Haftungsausschluss Haftung f\u00fcr Inhalte Die Inhalte&hellip;","_links":{"self":[{"href":"https:\/\/xn--bvbergmannsglck-datteln-opc.de\/index.php?rest_route=\/wp\/v2\/pages\/25","targetHints":{"allow":["GET"]}}],"collection":[{"href":"https:\/\/xn--bvbergmannsglck-datteln-opc.de\/index.php?rest_route=\/wp\/v2\/pages"}],"about":[{"href":"https:\/\/xn--bvbergmannsglck-datteln-opc.de\/index.php?rest_route=\/wp\/v2\/types\/page"}],"author":[{"embeddable":true,"href":"https:\/\/xn--bvbergmannsglck-datteln-opc.de\/index.php?rest_route=\/wp\/v2\/users\/1"}],"replies":[{"embeddable":true,"href":"https:\/\/xn--bvbergmannsglck-datteln-opc.de\/index.php?rest_route=%2Fwp%2Fv2%2Fcomments&post=25"}],"version-history":[{"count":0,"href":"https:\/\/xn--bvbergmannsglck-datteln-opc.de\/index.php?rest_route=\/wp\/v2\/pages\/25\/revisions"}],"wp:attachment":[{"href":"https:\/\/xn--bvbergmannsglck-datteln-opc.de\/index.php?rest_route=%2Fwp%2Fv2%2Fmedia&parent=25"}],"curies":[{"name":"wp","href":"https:\/\/api.w.org\/{rel}","templated":true}]}}