{"id":1038,"date":"2016-12-12T20:57:50","date_gmt":"2016-12-12T19:57:50","guid":{"rendered":"http:\/\/s368574448.online.de\/?page_id=1038"},"modified":"2025-10-12T16:50:48","modified_gmt":"2025-10-12T16:50:48","slug":"vereinsgeschichte","status":"publish","type":"page","link":"https:\/\/xn--bvbergmannsglck-datteln-opc.de\/?page_id=1038","title":{"rendered":"Vereinsgeschichte"},"content":{"rendered":"<style>.wp-block-kadence-advancedheading.kt-adv-heading1038_e36b57-8c, .wp-block-kadence-advancedheading.kt-adv-heading1038_e36b57-8c[data-kb-block=\"kb-adv-heading1038_e36b57-8c\"]{font-style:normal;}.wp-block-kadence-advancedheading.kt-adv-heading1038_e36b57-8c mark.kt-highlight, .wp-block-kadence-advancedheading.kt-adv-heading1038_e36b57-8c[data-kb-block=\"kb-adv-heading1038_e36b57-8c\"] mark.kt-highlight{font-style:normal;color:#f76a0c;-webkit-box-decoration-break:clone;box-decoration-break:clone;padding-top:0px;padding-right:0px;padding-bottom:0px;padding-left:0px;}.wp-block-kadence-advancedheading.kt-adv-heading1038_e36b57-8c img.kb-inline-image, .wp-block-kadence-advancedheading.kt-adv-heading1038_e36b57-8c[data-kb-block=\"kb-adv-heading1038_e36b57-8c\"] img.kb-inline-image{width:150px;vertical-align:baseline;}<\/style>\n<h3 class=\"kt-adv-heading1038_e36b57-8c wp-block-kadence-advancedheading\" data-kb-block=\"kb-adv-heading1038_e36b57-8c\"><strong>Vereinsgeschichte<\/strong><\/h3>\n\n\n\n<div style=\"height:20px\" aria-hidden=\"true\" class=\"wp-block-spacer\"><\/div>\n\n\n\n<p class=\"wp-block-paragraph\">Der Bergmannsverein Bergmannsgl\u00fcck Datteln und Umgebung e. V. hatte in der Gastst\u00e4tte Baumeister, in Datteln Am Tigg, am 30. Dezember 1956 seine Gr\u00fcndungsversammlung und konstituierte sich.<\/p>\n\n\n\n<p class=\"wp-block-paragraph\">Am 04. Januar 1957 erfolgte die Anmeldung und die Eintragung ins Vereinsregister des Amtsgerichts Recklinghausen.<\/p>\n\n\n\n<p class=\"wp-block-paragraph\">Im Sommer 1958 am 16. und 17. August, anl\u00e4sslich des 1- j\u00e4hrigen Bestehens, folgte dann die Fahnenweihe im Kolpinghaus Datteln,&nbsp; zu der eine gro\u00dfe Anzahl Brudervereine zu Gast waren.<\/p>\n\n\n\n<p class=\"wp-block-paragraph\">Getreu seinem Fahnenspruch, Kameradschaft in Freud und Leid, Freude und Frohsinn alle Zeit, besuchte der Verein in den darauffolgenden Jahren viele&nbsp; ausw\u00e4rtige Brudervereine bei ihren Jubelfesten.<\/p>\n\n\n\n<p class=\"wp-block-paragraph\">Im Laufe der Jahre hatte der Verein auch einige Krankheiten durchzustehen, die aber auf Grund der vorbildlichen guten Zusammenarbeit innerhalb des Vorstandes, sowie einiger Mitglieder, gut \u00fcberstanden hat.<\/p>\n\n\n\n<p class=\"wp-block-paragraph\">Um aktionsf\u00e4hig bleiben zu k\u00f6nnen, trat der Verein wieder in die \u00d6ffentlichkeit und feierte am 27.- 28. und 29. Juli 1964 im Kolpinghaus Datteln anl\u00e4sslich des 8- j\u00e4hrigen Stiftungsfestes ein Berg- und Knappenfest. 15 ausw\u00e4rtige Brudervereine, 2 Spielmannsz\u00fcge und die Kapelle der Zeche Emscher-Lippe trugen dazu bei, der Veranstaltung einen w\u00fcrdigen Rahmen zu geben.<\/p>\n\n\n\n<p class=\"wp-block-paragraph\">Die Pflege und Erhaltung bergm\u00e4nnischer Tradition, Brauchtum und Kultur geh\u00f6ren zu den wesentlichsten Aufgaben, die sich der Bergmannsverein Bergmannsgl\u00fcck gestellt hat.<\/p>\n\n\n\n<p class=\"wp-block-paragraph\"><em>(Auszug aus der Festschrift f\u00fcr das Berg- und Knappenfest aus anlass des 10- j\u00e4hrigen Bestehens des B. V. Bergmannsgl\u00fcck von Heinrich Klassen 1. Vorsitzender)<\/em><\/p>\n\n\n<div class=\"wp-block-image\">\n<figure class=\"aligncenter is-resized\"><a href=\"http:\/\/xn--bvbergmannsglck-datteln-opc.de\/wp-content\/uploads\/2018\/03\/DSCF1152-Banner-Bergmannsgl\u00fcck-Datteln_a.jpg\" rel=\"wpdevart_lightbox\"><img loading=\"lazy\" decoding=\"async\" width=\"1020\" height=\"1005\" src=\"http:\/\/xn--bvbergmannsglck-datteln-opc.de\/wp-content\/uploads\/2018\/03\/DSCF1152-Banner-Bergmannsgl\u00fcck-Datteln_a.jpg\" alt=\"\" class=\"wp-image-1743\" style=\"width:700px\" srcset=\"https:\/\/xn--bvbergmannsglck-datteln-opc.de\/wp-content\/uploads\/2018\/03\/DSCF1152-Banner-Bergmannsgl\u00fcck-Datteln_a.jpg 1020w, https:\/\/xn--bvbergmannsglck-datteln-opc.de\/wp-content\/uploads\/2018\/03\/DSCF1152-Banner-Bergmannsgl\u00fcck-Datteln_a-300x296.jpg 300w, https:\/\/xn--bvbergmannsglck-datteln-opc.de\/wp-content\/uploads\/2018\/03\/DSCF1152-Banner-Bergmannsgl\u00fcck-Datteln_a-768x757.jpg 768w\" sizes=\"auto, (max-width: 1020px) 100vw, 1020px\" \/><\/a><figcaption class=\"wp-element-caption\">Banner von 1957<\/figcaption><\/figure>\n<\/div>\n\n<div class=\"wp-block-image\">\n<figure class=\"aligncenter is-resized\"><a href=\"http:\/\/xn--bvbergmannsglck-datteln-opc.de\/wp-content\/uploads\/2018\/03\/DSCF1149-Banner-Bergmannsgl\u00fcck-Datteln_a.jpg\" rel=\"wpdevart_lightbox\"><img loading=\"lazy\" decoding=\"async\" width=\"1040\" height=\"1114\" src=\"http:\/\/xn--bvbergmannsglck-datteln-opc.de\/wp-content\/uploads\/2018\/03\/DSCF1149-Banner-Bergmannsgl\u00fcck-Datteln_a.jpg\" alt=\"B. V. Bergmannsgl\u00fcck-Datteln\" class=\"wp-image-1742\" style=\"width:700px\" srcset=\"https:\/\/xn--bvbergmannsglck-datteln-opc.de\/wp-content\/uploads\/2018\/03\/DSCF1149-Banner-Bergmannsgl\u00fcck-Datteln_a.jpg 1040w, https:\/\/xn--bvbergmannsglck-datteln-opc.de\/wp-content\/uploads\/2018\/03\/DSCF1149-Banner-Bergmannsgl\u00fcck-Datteln_a-280x300.jpg 280w, https:\/\/xn--bvbergmannsglck-datteln-opc.de\/wp-content\/uploads\/2018\/03\/DSCF1149-Banner-Bergmannsgl\u00fcck-Datteln_a-768x823.jpg 768w, https:\/\/xn--bvbergmannsglck-datteln-opc.de\/wp-content\/uploads\/2018\/03\/DSCF1149-Banner-Bergmannsgl\u00fcck-Datteln_a-956x1024.jpg 956w\" sizes=\"auto, (max-width: 1040px) 100vw, 1040px\" \/><\/a><figcaption class=\"wp-element-caption\">Banner von 1957<\/figcaption><\/figure>\n<\/div>\n\n<div class=\"wp-block-image\">\n<figure class=\"aligncenter is-resized\"><a href=\"http:\/\/xn--bvbergmannsglck-datteln-opc.de\/wp-content\/uploads\/2017\/07\/011.jpg\" rel=\"wpdevart_lightbox\"><img loading=\"lazy\" decoding=\"async\" width=\"1024\" height=\"746\" src=\"http:\/\/xn--bvbergmannsglck-datteln-opc.de\/wp-content\/uploads\/2017\/07\/011-1024x746.jpg\" alt=\"10 Jahre Bergmannsgl\u00fcck-datteln\" class=\"wp-image-1550\" style=\"aspect-ratio:1.3726751846064282;width:800px\" srcset=\"https:\/\/xn--bvbergmannsglck-datteln-opc.de\/wp-content\/uploads\/2017\/07\/011-1024x746.jpg 1024w, https:\/\/xn--bvbergmannsglck-datteln-opc.de\/wp-content\/uploads\/2017\/07\/011-300x219.jpg 300w, https:\/\/xn--bvbergmannsglck-datteln-opc.de\/wp-content\/uploads\/2017\/07\/011-768x559.jpg 768w\" sizes=\"auto, (max-width: 1024px) 100vw, 1024px\" \/><\/a><figcaption class=\"wp-element-caption\">1966 Vorstand B. V. Bergmannsgl\u00fcck e. V. Datteln 1957 Foto: Weyerstall<\/figcaption><\/figure>\n<\/div>\n\n<div class=\"wp-block-image\">\n<figure class=\"aligncenter is-resized\"><a href=\"http:\/\/xn--bvbergmannsglck-datteln-opc.de\/wp-content\/uploads\/2017\/07\/003.jpg\" rel=\"wpdevart_lightbox\"><img loading=\"lazy\" decoding=\"async\" width=\"822\" height=\"1024\" src=\"http:\/\/xn--bvbergmannsglck-datteln-opc.de\/wp-content\/uploads\/2017\/07\/003-822x1024.jpg\" alt=\"10 Jahre Bergmannsgl\u00fcck-Datteln\" class=\"wp-image-1547\" style=\"width:800px\" srcset=\"https:\/\/xn--bvbergmannsglck-datteln-opc.de\/wp-content\/uploads\/2017\/07\/003-822x1024.jpg 822w, https:\/\/xn--bvbergmannsglck-datteln-opc.de\/wp-content\/uploads\/2017\/07\/003-241x300.jpg 241w, https:\/\/xn--bvbergmannsglck-datteln-opc.de\/wp-content\/uploads\/2017\/07\/003-768x957.jpg 768w\" sizes=\"auto, (max-width: 822px) 100vw, 822px\" \/><\/a><figcaption class=\"wp-element-caption\">1966 Fahnenabordnung B. V. Bergmannsgl\u00fcck e. V. Datteln 1957 Foto Weyerstall<\/figcaption><\/figure>\n<\/div>\n\n<div class=\"wp-block-image\">\n<figure class=\"aligncenter is-resized\"><a href=\"http:\/\/xn--bvbergmannsglck-datteln-opc.de\/wp-content\/uploads\/2017\/11\/002.jpg\" rel=\"wpdevart_lightbox\"><img loading=\"lazy\" decoding=\"async\" width=\"2904\" height=\"1926\" src=\"http:\/\/xn--bvbergmannsglck-datteln-opc.de\/wp-content\/uploads\/2017\/11\/002.jpg\" alt=\"\" class=\"wp-image-1646\" style=\"aspect-ratio:1.5078146364037948;width:800px\" srcset=\"https:\/\/xn--bvbergmannsglck-datteln-opc.de\/wp-content\/uploads\/2017\/11\/002.jpg 2904w, https:\/\/xn--bvbergmannsglck-datteln-opc.de\/wp-content\/uploads\/2017\/11\/002-300x199.jpg 300w, https:\/\/xn--bvbergmannsglck-datteln-opc.de\/wp-content\/uploads\/2017\/11\/002-768x509.jpg 768w, https:\/\/xn--bvbergmannsglck-datteln-opc.de\/wp-content\/uploads\/2017\/11\/002-1024x679.jpg 1024w\" sizes=\"auto, (max-width: 2904px) 100vw, 2904px\" \/><\/a><figcaption class=\"wp-element-caption\">B. V . Bergmannsgl\u00fcck-Datteln<\/figcaption><\/figure>\n<\/div>\n\n<div class=\"wp-block-image\">\n<figure class=\"aligncenter is-resized\"><a href=\"http:\/\/xn--bvbergmannsglck-datteln-opc.de\/wp-content\/uploads\/2017\/11\/004.jpg\" rel=\"wpdevart_lightbox\"><img loading=\"lazy\" decoding=\"async\" width=\"3450\" height=\"2712\" src=\"http:\/\/xn--bvbergmannsglck-datteln-opc.de\/wp-content\/uploads\/2017\/11\/004.jpg\" alt=\"\" class=\"wp-image-1647\" style=\"aspect-ratio:1.272139992191105;width:800px\" srcset=\"https:\/\/xn--bvbergmannsglck-datteln-opc.de\/wp-content\/uploads\/2017\/11\/004.jpg 3450w, https:\/\/xn--bvbergmannsglck-datteln-opc.de\/wp-content\/uploads\/2017\/11\/004-300x236.jpg 300w, https:\/\/xn--bvbergmannsglck-datteln-opc.de\/wp-content\/uploads\/2017\/11\/004-768x604.jpg 768w, https:\/\/xn--bvbergmannsglck-datteln-opc.de\/wp-content\/uploads\/2017\/11\/004-1024x805.jpg 1024w\" sizes=\"auto, (max-width: 3450px) 100vw, 3450px\" \/><\/a><figcaption class=\"wp-element-caption\">B.V. Bergmannsgl\u00fcck-Datteln 1957<\/figcaption><\/figure>\n<\/div>\n\n<div class=\"wp-block-image\">\n<figure class=\"aligncenter is-resized\"><a href=\"http:\/\/xn--bvbergmannsglck-datteln-opc.de\/wp-content\/uploads\/2017\/11\/006.jpg\" rel=\"wpdevart_lightbox\"><img loading=\"lazy\" decoding=\"async\" width=\"3432\" height=\"2754\" src=\"http:\/\/xn--bvbergmannsglck-datteln-opc.de\/wp-content\/uploads\/2017\/11\/006.jpg\" alt=\"\" class=\"wp-image-1648\" style=\"aspect-ratio:1.2461969088475113;width:800px\" srcset=\"https:\/\/xn--bvbergmannsglck-datteln-opc.de\/wp-content\/uploads\/2017\/11\/006.jpg 3432w, https:\/\/xn--bvbergmannsglck-datteln-opc.de\/wp-content\/uploads\/2017\/11\/006-300x241.jpg 300w, https:\/\/xn--bvbergmannsglck-datteln-opc.de\/wp-content\/uploads\/2017\/11\/006-768x616.jpg 768w, https:\/\/xn--bvbergmannsglck-datteln-opc.de\/wp-content\/uploads\/2017\/11\/006-1024x822.jpg 1024w\" sizes=\"auto, (max-width: 3432px) 100vw, 3432px\" \/><\/a><figcaption class=\"wp-element-caption\">B.V. Bergmannsgl\u00fcck e. V. Datteln 1957<\/figcaption><\/figure>\n<\/div>\n\n<div class=\"wp-block-image\">\n<figure class=\"aligncenter is-resized\"><a href=\"http:\/\/xn--bvbergmannsglck-datteln-opc.de\/wp-content\/uploads\/2017\/11\/001.jpg\" rel=\"wpdevart_lightbox\"><img loading=\"lazy\" decoding=\"async\" width=\"2880\" height=\"1878\" src=\"http:\/\/xn--bvbergmannsglck-datteln-opc.de\/wp-content\/uploads\/2017\/11\/001.jpg\" alt=\"\" class=\"wp-image-1645\" style=\"aspect-ratio:1.5335572623606684;width:800px\" srcset=\"https:\/\/xn--bvbergmannsglck-datteln-opc.de\/wp-content\/uploads\/2017\/11\/001.jpg 2880w, https:\/\/xn--bvbergmannsglck-datteln-opc.de\/wp-content\/uploads\/2017\/11\/001-300x196.jpg 300w, https:\/\/xn--bvbergmannsglck-datteln-opc.de\/wp-content\/uploads\/2017\/11\/001-768x501.jpg 768w, https:\/\/xn--bvbergmannsglck-datteln-opc.de\/wp-content\/uploads\/2017\/11\/001-1024x668.jpg 1024w\" sizes=\"auto, (max-width: 2880px) 100vw, 2880px\" \/><\/a><figcaption class=\"wp-element-caption\">B. V. Bergmannsgl\u00fcck e. V. datteln 1957<\/figcaption><\/figure>\n<\/div>\n\n<div class=\"wp-block-image\">\n<figure class=\"aligncenter is-resized\"><a href=\"http:\/\/xn--bvbergmannsglck-datteln-opc.de\/wp-content\/uploads\/2017\/11\/012.jpg\" rel=\"wpdevart_lightbox\"><img loading=\"lazy\" decoding=\"async\" width=\"2016\" height=\"2004\" src=\"http:\/\/xn--bvbergmannsglck-datteln-opc.de\/wp-content\/uploads\/2017\/11\/012.jpg\" alt=\"\" class=\"wp-image-1652\" style=\"aspect-ratio:1.0059927301306613;width:800px\" srcset=\"https:\/\/xn--bvbergmannsglck-datteln-opc.de\/wp-content\/uploads\/2017\/11\/012.jpg 2016w, https:\/\/xn--bvbergmannsglck-datteln-opc.de\/wp-content\/uploads\/2017\/11\/012-150x150.jpg 150w, https:\/\/xn--bvbergmannsglck-datteln-opc.de\/wp-content\/uploads\/2017\/11\/012-300x298.jpg 300w, https:\/\/xn--bvbergmannsglck-datteln-opc.de\/wp-content\/uploads\/2017\/11\/012-768x763.jpg 768w, https:\/\/xn--bvbergmannsglck-datteln-opc.de\/wp-content\/uploads\/2017\/11\/012-1024x1018.jpg 1024w\" sizes=\"auto, (max-width: 2016px) 100vw, 2016px\" \/><\/a><figcaption class=\"wp-element-caption\">B. V. Bergmannsgl\u00fcck e. V. Datteln 1957<\/figcaption><\/figure>\n<\/div>\n\n<div class=\"wp-block-image\">\n<figure class=\"aligncenter is-resized\"><a href=\"http:\/\/xn--bvbergmannsglck-datteln-opc.de\/wp-content\/uploads\/2017\/11\/008.jpg\" rel=\"wpdevart_lightbox\"><img loading=\"lazy\" decoding=\"async\" width=\"2532\" height=\"1764\" src=\"http:\/\/xn--bvbergmannsglck-datteln-opc.de\/wp-content\/uploads\/2017\/11\/008.jpg\" alt=\"\" class=\"wp-image-1650\" style=\"aspect-ratio:1.4353798710400898;width:800px\" srcset=\"https:\/\/xn--bvbergmannsglck-datteln-opc.de\/wp-content\/uploads\/2017\/11\/008.jpg 2532w, https:\/\/xn--bvbergmannsglck-datteln-opc.de\/wp-content\/uploads\/2017\/11\/008-300x209.jpg 300w, https:\/\/xn--bvbergmannsglck-datteln-opc.de\/wp-content\/uploads\/2017\/11\/008-768x535.jpg 768w, https:\/\/xn--bvbergmannsglck-datteln-opc.de\/wp-content\/uploads\/2017\/11\/008-1024x713.jpg 1024w\" sizes=\"auto, (max-width: 2532px) 100vw, 2532px\" \/><\/a><figcaption class=\"wp-element-caption\">B. V. Bergmannsgl\u00fcck e. V. Datteln 1957<\/figcaption><\/figure>\n<\/div>\n\n<div class=\"wp-block-image\">\n<figure class=\"aligncenter is-resized\"><a href=\"http:\/\/xn--bvbergmannsglck-datteln-opc.de\/wp-content\/uploads\/2017\/11\/027.jpg\" rel=\"wpdevart_lightbox\"><img loading=\"lazy\" decoding=\"async\" width=\"2881\" height=\"1958\" src=\"http:\/\/xn--bvbergmannsglck-datteln-opc.de\/wp-content\/uploads\/2017\/11\/027.jpg\" alt=\"\" class=\"wp-image-1653\" style=\"aspect-ratio:1.471415375141127;width:800px\" srcset=\"https:\/\/xn--bvbergmannsglck-datteln-opc.de\/wp-content\/uploads\/2017\/11\/027.jpg 2881w, https:\/\/xn--bvbergmannsglck-datteln-opc.de\/wp-content\/uploads\/2017\/11\/027-300x204.jpg 300w, https:\/\/xn--bvbergmannsglck-datteln-opc.de\/wp-content\/uploads\/2017\/11\/027-768x522.jpg 768w, https:\/\/xn--bvbergmannsglck-datteln-opc.de\/wp-content\/uploads\/2017\/11\/027-1024x696.jpg 1024w\" sizes=\"auto, (max-width: 2881px) 100vw, 2881px\" \/><\/a><figcaption class=\"wp-element-caption\">B. V. Bergmannsgl\u00fcck e. V. Datteln 1957<\/figcaption><\/figure>\n<\/div>\n\n<div class=\"wp-block-image\">\n<figure class=\"aligncenter is-resized\"><a href=\"http:\/\/xn--bvbergmannsglck-datteln-opc.de\/wp-content\/uploads\/2017\/11\/029.jpg\" rel=\"wpdevart_lightbox\"><img loading=\"lazy\" decoding=\"async\" width=\"2760\" height=\"1840\" src=\"http:\/\/xn--bvbergmannsglck-datteln-opc.de\/wp-content\/uploads\/2017\/11\/029.jpg\" alt=\"\" class=\"wp-image-1655\" style=\"aspect-ratio:1.500020926631231;width:800px\" srcset=\"https:\/\/xn--bvbergmannsglck-datteln-opc.de\/wp-content\/uploads\/2017\/11\/029.jpg 2760w, https:\/\/xn--bvbergmannsglck-datteln-opc.de\/wp-content\/uploads\/2017\/11\/029-300x200.jpg 300w, https:\/\/xn--bvbergmannsglck-datteln-opc.de\/wp-content\/uploads\/2017\/11\/029-768x512.jpg 768w, https:\/\/xn--bvbergmannsglck-datteln-opc.de\/wp-content\/uploads\/2017\/11\/029-1024x683.jpg 1024w\" sizes=\"auto, (max-width: 2760px) 100vw, 2760px\" \/><\/a><figcaption class=\"wp-element-caption\">B. V. Bergmannsgl\u00fcck e. V. Datteln 1957<\/figcaption><\/figure>\n<\/div>\n\n<div class=\"wp-block-image\">\n<figure class=\"aligncenter is-resized\"><a href=\"http:\/\/xn--bvbergmannsglck-datteln-opc.de\/wp-content\/uploads\/2017\/11\/030.jpg\" rel=\"wpdevart_lightbox\"><img loading=\"lazy\" decoding=\"async\" width=\"1968\" height=\"2876\" src=\"http:\/\/xn--bvbergmannsglck-datteln-opc.de\/wp-content\/uploads\/2017\/11\/030.jpg\" alt=\"\" class=\"wp-image-1656\" style=\"aspect-ratio:0.684289410124963;width:800px\" srcset=\"https:\/\/xn--bvbergmannsglck-datteln-opc.de\/wp-content\/uploads\/2017\/11\/030.jpg 1968w, https:\/\/xn--bvbergmannsglck-datteln-opc.de\/wp-content\/uploads\/2017\/11\/030-205x300.jpg 205w, https:\/\/xn--bvbergmannsglck-datteln-opc.de\/wp-content\/uploads\/2017\/11\/030-768x1122.jpg 768w, https:\/\/xn--bvbergmannsglck-datteln-opc.de\/wp-content\/uploads\/2017\/11\/030-701x1024.jpg 701w\" sizes=\"auto, (max-width: 1968px) 100vw, 1968px\" \/><\/a><figcaption class=\"wp-element-caption\">B. V. Bergmannsgl\u00fcck e. V. Datteln 1957<\/figcaption><\/figure>\n<\/div>\n\n<div class=\"wp-block-image\">\n<figure class=\"aligncenter is-resized\"><a href=\"http:\/\/xn--bvbergmannsglck-datteln-opc.de\/wp-content\/uploads\/2016\/05\/alter-vorstand-von.jpg\" rel=\"wpdevart_lightbox\"><img loading=\"lazy\" decoding=\"async\" width=\"1215\" height=\"804\" src=\"http:\/\/xn--bvbergmannsglck-datteln-opc.de\/wp-content\/uploads\/2016\/05\/alter-vorstand-von.jpg\" alt=\"\" class=\"wp-image-169\" style=\"aspect-ratio:1.511216056670602;width:800px\" srcset=\"https:\/\/xn--bvbergmannsglck-datteln-opc.de\/wp-content\/uploads\/2016\/05\/alter-vorstand-von.jpg 1215w, https:\/\/xn--bvbergmannsglck-datteln-opc.de\/wp-content\/uploads\/2016\/05\/alter-vorstand-von-300x199.jpg 300w, https:\/\/xn--bvbergmannsglck-datteln-opc.de\/wp-content\/uploads\/2016\/05\/alter-vorstand-von-768x508.jpg 768w, https:\/\/xn--bvbergmannsglck-datteln-opc.de\/wp-content\/uploads\/2016\/05\/alter-vorstand-von-1024x678.jpg 1024w, https:\/\/xn--bvbergmannsglck-datteln-opc.de\/wp-content\/uploads\/2016\/05\/alter-vorstand-von-1200x794.jpg 1200w\" sizes=\"auto, (max-width: 1215px) 100vw, 1215px\" \/><\/a><figcaption class=\"wp-element-caption\">B. V. Bergmannsgl\u00fcck e. V. Datteln 1957<\/figcaption><\/figure>\n<\/div>\n\n\n<h6 class=\"wp-block-heading\">&nbsp;<\/h6>\n\n\n\n<p class=\"wp-block-paragraph\"><\/p>\n\n\n\n<p class=\"wp-block-paragraph\"><\/p>\n\n\n\n<div style=\"height:200px\" aria-hidden=\"true\" class=\"wp-block-spacer\"><\/div>\n\n\n\n<h5 class=\"wp-block-heading\"><em>&nbsp;<\/em><\/h5>\n","protected":false},"excerpt":{"rendered":"<p>Vereinsgeschichte Der Bergmannsverein Bergmannsgl\u00fcck Datteln und Umgebung e. V. hatte in der Gastst\u00e4tte Baumeister, in Datteln Am Tigg, am 30. Dezember 1956 seine Gr\u00fcndungsversammlung und konstituierte sich. Am 04. Januar 1957 erfolgte die Anmeldung und die Eintragung ins Vereinsregister des Amtsgerichts Recklinghausen. Im Sommer 1958 am 16. und 17. August, anl\u00e4sslich des 1- j\u00e4hrigen Bestehens, [&hellip;]<\/p>\n","protected":false},"author":1,"featured_media":0,"parent":1035,"menu_order":21,"comment_status":"closed","ping_status":"closed","template":"","meta":{"_crdt_document":"","_uag_custom_page_level_css":"","postBodyCss":"","postBodyMargin":[],"postBodyPadding":[],"postBodyBackground":{"backgroundType":"classic","gradient":""},"pgc_sgb_lightbox_settings":"","footnotes":""},"class_list":["post-1038","page","type-page","status-publish","hentry","post"],"uagb_featured_image_src":{"full":false,"thumbnail":false,"medium":false,"medium_large":false,"large":false,"1536x1536":false,"2048x2048":false,"post-thumbnail":false,"vantage-thumbnail-no-sidebar":false,"vantage-slide":false,"vantage-carousel":false,"vantage-grid-loop":false},"uagb_author_info":{"display_name":"Erich","author_link":"https:\/\/xn--bvbergmannsglck-datteln-opc.de\/?author=1"},"uagb_comment_info":0,"uagb_excerpt":"Vereinsgeschichte Der Bergmannsverein Bergmannsgl\u00fcck Datteln und Umgebung e. V. hatte in der Gastst\u00e4tte Baumeister, in Datteln Am Tigg, am 30. Dezember 1956 seine Gr\u00fcndungsversammlung und konstituierte sich. Am 04. Januar 1957 erfolgte die Anmeldung und die Eintragung ins Vereinsregister des Amtsgerichts Recklinghausen. Im Sommer 1958 am 16. und 17. August, anl\u00e4sslich des 1- j\u00e4hrigen Bestehens,&hellip;","_links":{"self":[{"href":"https:\/\/xn--bvbergmannsglck-datteln-opc.de\/index.php?rest_route=\/wp\/v2\/pages\/1038","targetHints":{"allow":["GET"]}}],"collection":[{"href":"https:\/\/xn--bvbergmannsglck-datteln-opc.de\/index.php?rest_route=\/wp\/v2\/pages"}],"about":[{"href":"https:\/\/xn--bvbergmannsglck-datteln-opc.de\/index.php?rest_route=\/wp\/v2\/types\/page"}],"author":[{"embeddable":true,"href":"https:\/\/xn--bvbergmannsglck-datteln-opc.de\/index.php?rest_route=\/wp\/v2\/users\/1"}],"replies":[{"embeddable":true,"href":"https:\/\/xn--bvbergmannsglck-datteln-opc.de\/index.php?rest_route=%2Fwp%2Fv2%2Fcomments&post=1038"}],"version-history":[{"count":0,"href":"https:\/\/xn--bvbergmannsglck-datteln-opc.de\/index.php?rest_route=\/wp\/v2\/pages\/1038\/revisions"}],"up":[{"embeddable":true,"href":"https:\/\/xn--bvbergmannsglck-datteln-opc.de\/index.php?rest_route=\/wp\/v2\/pages\/1035"}],"wp:attachment":[{"href":"https:\/\/xn--bvbergmannsglck-datteln-opc.de\/index.php?rest_route=%2Fwp%2Fv2%2Fmedia&parent=1038"}],"curies":[{"name":"wp","href":"https:\/\/api.w.org\/{rel}","templated":true}]}}